{"id":13,"date":"2012-11-19T03:04:38","date_gmt":"2012-11-19T03:04:38","guid":{"rendered":"http:\/\/cvv.lemur.sk\/?page_id=13"},"modified":"2021-02-09T11:04:22","modified_gmt":"2021-02-09T10:04:22","slug":"kontakt","status":"publish","type":"page","link":"https:\/\/cvv.sk\/?page_id=13","title":{"rendered":"Kontakt"},"content":{"rendered":"<p>Centrum pre vedu a\u00a0v\u00fdskum, s.r.o.<br \/>\n935 32 Kaln\u00e1 nad Hronom<br \/>\nMochovce 6<\/p>\n<p>I\u010cO: 36 856\u00a0738<br \/>\nDI\u010c: 2022534074<\/p>\n<p>Spolo\u010dnos\u0165 zap\u00edsan\u00e1 v Obchodnom registri Okresn\u00e9ho s\u00fadu Nitra, oddiel: Sro, vlo\u017eka \u010d. 28209\/N<br \/>\nBankov\u00e9 spojenie: Citibank Slovakia 2010860118\/8130, IBAN SK06 8130 0000 0020 1086 0118<\/p>\n<p>Konate\u013e: Ing. Pavel Jan\u00edk<br \/>\nKonate\u013e a technick\u00fd riadite\u013e: Ing. J\u00e1n Bor\u00e1k<\/p>\n<p>Tel.\u010d.: 00421 2 5866 3635<br \/>\nE-mail: info@cvv.sk<\/p>\n","protected":false},"excerpt":{"rendered":"<p>Centrum pre vedu a\u00a0v\u00fdskum, s.r.o. 935 32 Kaln\u00e1 nad Hronom Mochovce 6 I\u010cO: 36 856\u00a0738 DI\u010c: 2022534074 Spolo\u010dnos\u0165 zap\u00edsan\u00e1 v Obchodnom registri Okresn\u00e9ho s\u00fadu Nitra, oddiel: Sro, vlo\u017eka \u010d. 28209\/N Bankov\u00e9 spojenie: Citibank Slovakia 2010860118\/8130, IBAN SK06 8130 0000 0020 1086 0118 Konate\u013e: Ing. Pavel Jan\u00edk Konate\u013e a technick\u00fd riadite\u013e: Ing. J\u00e1n Bor\u00e1k Tel.\u010d.: 00421 [&hellip;]<\/p>\n","protected":false},"author":4,"featured_media":0,"parent":0,"menu_order":0,"comment_status":"closed","ping_status":"closed","template":"","meta":[],"_links":{"self":[{"href":"https:\/\/cvv.sk\/index.php?rest_route=\/wp\/v2\/pages\/13"}],"collection":[{"href":"https:\/\/cvv.sk\/index.php?rest_route=\/wp\/v2\/pages"}],"about":[{"href":"https:\/\/cvv.sk\/index.php?rest_route=\/wp\/v2\/types\/page"}],"author":[{"embeddable":true,"href":"https:\/\/cvv.sk\/index.php?rest_route=\/wp\/v2\/users\/4"}],"replies":[{"embeddable":true,"href":"https:\/\/cvv.sk\/index.php?rest_route=%2Fwp%2Fv2%2Fcomments&post=13"}],"version-history":[{"count":5,"href":"https:\/\/cvv.sk\/index.php?rest_route=\/wp\/v2\/pages\/13\/revisions"}],"predecessor-version":[{"id":215,"href":"https:\/\/cvv.sk\/index.php?rest_route=\/wp\/v2\/pages\/13\/revisions\/215"}],"wp:attachment":[{"href":"https:\/\/cvv.sk\/index.php?rest_route=%2Fwp%2Fv2%2Fmedia&parent=13"}],"curies":[{"name":"wp","href":"https:\/\/api.w.org\/{rel}","templated":true}]}}