{"id":99,"date":"2012-11-19T03:02:41","date_gmt":"2012-11-19T03:02:41","guid":{"rendered":"http:\/\/cvv.lemur.sk\/?page_id=5"},"modified":"2018-07-09T12:22:20","modified_gmt":"2018-07-09T10:22:20","slug":"uvod","status":"publish","type":"page","link":"https:\/\/cvv.sk\/","title":{"rendered":"\u00davod"},"content":{"rendered":"<p>Hlavn\u00fdm zameran\u00edm Spolo\u010dnosti je podpora vedecko-v\u00fdskumn\u00fdch aktiv\u00edt v jadrovom sektore, udr\u017eiavanie a vyv\u00edjanie jadrov\u00fdch schopnost\u00ed, podpora dokon\u010denia v\u00fdstavby MO34, zlep\u0161ovanie prev\u00e1dzkovej bezpe\u010dnosti a predl\u017eovanie \u017eivotnosti jadrov\u00fdch elektr\u00e1rn\u00ed a zefekt\u00edvnenie prev\u00e1dzkov\u00fdch parametrov na klasick\u00fdch elektr\u00e1r\u0148ach.<\/p>\n<p>Hlavn\u00fdm z\u00e1merom Spolo\u010dnosti je centraliz\u00e1cia projektov spolo\u010dnosti Slovensk\u00e9 elektr\u00e1rne, a.s., ktor\u00e9 svoj\u00edm zameran\u00edm spadaj\u00fa pod oblas\u0165 vedy a v\u00fdskumu, s\u00a0cie\u013eom ich komplexn\u00e9ho, systematick\u00e9ho rie\u0161enia. Spolo\u010dnos\u0165 spolupracuje s akademick\u00fdmi a v\u00fdskumn\u00fdmi in\u0161tit\u00faciami a vyu\u017e\u00edva s\u00fa\u010dasn\u00fa existuj\u00facu v\u00fdskumn\u00fa infra\u0161trukt\u00faru na Slovensku. Odborn\u00ed pracovn\u00edci z radov spolo\u010dnosti Slovensk\u00e9 elektr\u00e1rne, a.s. s\u00fa integrovan\u00ed do pracovn\u00fdch t\u00edmov \u2013 s cie\u013eom zv\u00fd\u0161i\u0165 ich kvalifik\u00e1ciu.<\/p>\n<p>Pri prev\u00e1dzke jadrov\u00fdch elektr\u00e1rn\u00ed sa v oblasti v\u00fdskumu Spolo\u010dnos\u0165 zameriava na niektor\u00e9 \u0161pecifick\u00e9 oblasti, a to hlavne na predl\u017eovanie \u017eivotnosti existuj\u00facich materi\u00e1lov, mechanizmy starnutia materi\u00e1lov, elektrick\u00fdch k\u00e1blov a predikcia ich re\u00e1lnej \u017eivotnosti. Nesporne d\u00f4le\u017eit\u00fdmi oblas\u0165ami s\u00fa aj bezpe\u010dnostn\u00e9 aspekty hlavne pri prev\u00e1dzkovan\u00ed jadrov\u00fdch elektr\u00e1rni, hodnotenie bezpe\u010dnosti, udr\u017eiavanie spo\u013eahlivosti komponentov, inteligentn\u00e9 diagnostick\u00e9 syst\u00e9my, nov\u00e9 met\u00f3dy prev\u00e1dzkov\u00fdch kontrol a ochrana \u017eivotn\u00e9ho prostredia, skladovanie \u010di prepracovanie pou\u017eit\u00e9ho paliva na \u010fal\u0161ie pou\u017eitie a in\u00e9.<\/p>\n","protected":false},"excerpt":{"rendered":"<p>Hlavn\u00fdm zameran\u00edm Spolo\u010dnosti je podpora vedecko-v\u00fdskumn\u00fdch aktiv\u00edt v jadrovom sektore, udr\u017eiavanie a vyv\u00edjanie jadrov\u00fdch schopnost\u00ed, podpora dokon\u010denia v\u00fdstavby MO34, zlep\u0161ovanie prev\u00e1dzkovej bezpe\u010dnosti a predl\u017eovanie \u017eivotnosti jadrov\u00fdch elektr\u00e1rn\u00ed a zefekt\u00edvnenie prev\u00e1dzkov\u00fdch parametrov na klasick\u00fdch elektr\u00e1r\u0148ach. Hlavn\u00fdm z\u00e1merom Spolo\u010dnosti je centraliz\u00e1cia projektov spolo\u010dnosti Slovensk\u00e9 elektr\u00e1rne, a.s., ktor\u00e9 svoj\u00edm zameran\u00edm spadaj\u00fa pod oblas\u0165 vedy a v\u00fdskumu, s\u00a0cie\u013eom ich [&hellip;]<\/p>\n","protected":false},"author":4,"featured_media":0,"parent":0,"menu_order":0,"comment_status":"open","ping_status":"open","template":"page-templates\/front-page.php","meta":[],"_links":{"self":[{"href":"https:\/\/cvv.sk\/index.php?rest_route=\/wp\/v2\/pages\/99"}],"collection":[{"href":"https:\/\/cvv.sk\/index.php?rest_route=\/wp\/v2\/pages"}],"about":[{"href":"https:\/\/cvv.sk\/index.php?rest_route=\/wp\/v2\/types\/page"}],"author":[{"embeddable":true,"href":"https:\/\/cvv.sk\/index.php?rest_route=\/wp\/v2\/users\/4"}],"replies":[{"embeddable":true,"href":"https:\/\/cvv.sk\/index.php?rest_route=%2Fwp%2Fv2%2Fcomments&post=99"}],"version-history":[{"count":2,"href":"https:\/\/cvv.sk\/index.php?rest_route=\/wp\/v2\/pages\/99\/revisions"}],"predecessor-version":[{"id":191,"href":"https:\/\/cvv.sk\/index.php?rest_route=\/wp\/v2\/pages\/99\/revisions\/191"}],"wp:attachment":[{"href":"https:\/\/cvv.sk\/index.php?rest_route=%2Fwp%2Fv2%2Fmedia&parent=99"}],"curies":[{"name":"wp","href":"https:\/\/api.w.org\/{rel}","templated":true}]}}